{"id":1257,"date":"2024-11-06T15:40:49","date_gmt":"2024-11-06T15:40:49","guid":{"rendered":"https:\/\/zurcodesignio.com\/?page_id=1257"},"modified":"2024-11-06T15:54:03","modified_gmt":"2024-11-06T15:54:03","slug":"preguntas-frecuentes","status":"publish","type":"page","link":"https:\/\/zurcodesignio.com\/en\/preguntas-frecuentes\/","title":{"rendered":"Frequent questions"},"content":{"rendered":"<div data-elementor-type=\"wp-page\" data-elementor-id=\"1257\" class=\"elementor elementor-1257\" data-elementor-post-type=\"page\">\n\t\t\t\t<div class=\"elementor-element elementor-element-d2a6291 e-flex e-con-boxed e-con e-parent\" data-id=\"d2a6291\" data-element_type=\"container\">\n\t\t\t\t\t<div class=\"e-con-inner\">\n\t\t\t\t<div class=\"elementor-element elementor-element-799e341 elementor-widget elementor-widget-heading\" data-id=\"799e341\" data-element_type=\"widget\" data-widget_type=\"heading.default\">\n\t\t\t\t<div class=\"elementor-widget-container\">\n\t\t\t\t\t<h2 class=\"elementor-heading-title elementor-size-default\">Frequent questions<\/h2>\t\t\t\t<\/div>\n\t\t\t\t<\/div>\n\t\t\t\t<div class=\"elementor-element elementor-element-a745538 elementor-widget elementor-widget-spacer\" data-id=\"a745538\" data-element_type=\"widget\" data-widget_type=\"spacer.default\">\n\t\t\t\t<div class=\"elementor-widget-container\">\n\t\t\t\t\t\t\t<div class=\"elementor-spacer\">\n\t\t\t<div class=\"elementor-spacer-inner\"><\/div>\n\t\t<\/div>\n\t\t\t\t\t\t<\/div>\n\t\t\t\t<\/div>\n\t\t\t\t<div class=\"elementor-element elementor-element-a57dcda elementor-widget__width-initial elementor-widget elementor-widget-eael-adv-accordion\" data-id=\"a57dcda\" data-element_type=\"widget\" data-widget_type=\"eael-adv-accordion.default\">\n\t\t\t\t<div class=\"elementor-widget-container\">\n\t\t\t\t\t        <div class=\"eael-adv-accordion\" id=\"eael-adv-accordion-a57dcda\" data-scroll-on-click=\"no\" data-scroll-speed=\"300\" data-accordion-id=\"a57dcda\" data-accordion-type=\"accordion\" data-toogle-speed=\"300\">\n    <div class=\"eael-accordion-list\">\n                <div id=\"1-qu-servicios-ofrece-zurco-\" class=\"elementor-tab-title eael-accordion-header active-default\" tabindex=\"0\" data-tab=\"1\" aria-controls=\"elementor-tab-content-1731\"><span class=\"eael-accordion-tab-title\">1. \u00bfQu\u00e9 servicios ofrece Zurco? <\/span><svg aria-hidden=\"true\" class=\"fa-toggle e-font-icon-svg e-fas-angle-right\" viewbox=\"0 0 256 512\" xmlns=\"http:\/\/www.w3.org\/2000\/svg\"><path d=\"M224.3 273l-136 136c-9.4 9.4-24.6 9.4-33.9 0l-22.6-22.6c-9.4-9.4-9.4-24.6 0-33.9l96.4-96.4-96.4-96.4c-9.4-9.4-9.4-24.6 0-33.9L54.3 103c9.4-9.4 24.6-9.4 33.9 0l136 136c9.5 9.4 9.5 24.6.1 34z\"><\/path><\/svg><\/div><div id=\"elementor-tab-content-1731\" class=\"eael-accordion-content clearfix active-default\" data-tab=\"1\" aria-labelledby=\"1-qu-servicios-ofrece-zurco-\"><p>Zurco proporciona una amplia gama de servicios, incluyendo desarrollo de aplicaciones m\u00f3viles, desarrollo de software personalizado, aplicaciones web progresivas, ciberseguridad, migraciones a la nube, consultor\u00eda digital, y soluciones de inteligencia artificial y modelos avanzados.<\/p><\/div>\n                <\/div><div class=\"eael-accordion-list\">\n                <div id=\"2-cmo-puedo-contactar-a-zurco-para-discutir-un-proyecto-\" class=\"elementor-tab-title eael-accordion-header\" tabindex=\"0\" data-tab=\"2\" aria-controls=\"elementor-tab-content-1732\"><span class=\"eael-accordion-tab-title\">2. \u00bfC\u00f3mo puedo contactar a Zurco para discutir un proyecto? <\/span><svg aria-hidden=\"true\" class=\"fa-toggle e-font-icon-svg e-fas-angle-right\" viewbox=\"0 0 256 512\" xmlns=\"http:\/\/www.w3.org\/2000\/svg\"><path d=\"M224.3 273l-136 136c-9.4 9.4-24.6 9.4-33.9 0l-22.6-22.6c-9.4-9.4-9.4-24.6 0-33.9l96.4-96.4-96.4-96.4c-9.4-9.4-9.4-24.6 0-33.9L54.3 103c9.4-9.4 24.6-9.4 33.9 0l136 136c9.5 9.4 9.5 24.6.1 34z\"><\/path><\/svg><\/div><div id=\"elementor-tab-content-1732\" class=\"eael-accordion-content clearfix\" data-tab=\"2\" aria-labelledby=\"2-cmo-puedo-contactar-a-zurco-para-discutir-un-proyecto-\"><p>Puede comunicarse con nosotros a trav\u00e9s de la secci\u00f3n de contacto en nuestro sitio web, donde encontrar\u00e1 un formulario para enviar sus consultas.<\/p><\/div>\n                <\/div><div class=\"eael-accordion-list\">\n                <div id=\"3-zurco-trabaja-con-entidades-gubernamentales-\" class=\"elementor-tab-title eael-accordion-header\" tabindex=\"0\" data-tab=\"3\" aria-controls=\"elementor-tab-content-1733\"><span class=\"eael-accordion-tab-title\">3. \u00bfZurco trabaja con entidades gubernamentales? <\/span><svg aria-hidden=\"true\" class=\"fa-toggle e-font-icon-svg e-fas-angle-right\" viewbox=\"0 0 256 512\" xmlns=\"http:\/\/www.w3.org\/2000\/svg\"><path d=\"M224.3 273l-136 136c-9.4 9.4-24.6 9.4-33.9 0l-22.6-22.6c-9.4-9.4-9.4-24.6 0-33.9l96.4-96.4-96.4-96.4c-9.4-9.4-9.4-24.6 0-33.9L54.3 103c9.4-9.4 24.6-9.4 33.9 0l136 136c9.5 9.4 9.5 24.6.1 34z\"><\/path><\/svg><\/div><div id=\"elementor-tab-content-1733\" class=\"eael-accordion-content clearfix\" data-tab=\"3\" aria-labelledby=\"3-zurco-trabaja-con-entidades-gubernamentales-\"><p>S\u00ed, Zurco tiene experiencia en la transformaci\u00f3n digital gubernamental, habiendo desarrollado proyectos que impactan positivamente en este sector.<\/p><\/div>\n                <\/div><div class=\"eael-accordion-list\">\n                <div id=\"4-qu-es-la-bsastrera-digital-bque-ofrece-zurco\" class=\"elementor-tab-title eael-accordion-header\" tabindex=\"0\" data-tab=\"4\" aria-controls=\"elementor-tab-content-1734\"><span class=\"eael-accordion-tab-title\">4. \u00bfQu\u00e9 es la <b>\"Sastrer\u00eda Digital\" <\/b>que ofrece Zurco?<\/span><svg aria-hidden=\"true\" class=\"fa-toggle e-font-icon-svg e-fas-angle-right\" viewbox=\"0 0 256 512\" xmlns=\"http:\/\/www.w3.org\/2000\/svg\"><path d=\"M224.3 273l-136 136c-9.4 9.4-24.6 9.4-33.9 0l-22.6-22.6c-9.4-9.4-9.4-24.6 0-33.9l96.4-96.4-96.4-96.4c-9.4-9.4-9.4-24.6 0-33.9L54.3 103c9.4-9.4 24.6-9.4 33.9 0l136 136c9.5 9.4 9.5 24.6.1 34z\"><\/path><\/svg><\/div><div id=\"elementor-tab-content-1734\" class=\"eael-accordion-content clearfix\" data-tab=\"4\" aria-labelledby=\"4-qu-es-la-bsastrera-digital-bque-ofrece-zurco\"><p>La <strong>\u00abSastrer\u00eda Digital\u00bb<\/strong> se refiere al desarrollo de proyectos digitales personalizados que reflejan la esencia de su empresa, proporcionando una experiencia digital \u00fanica para su audiencia.<\/p><\/div>\n                <\/div><div class=\"eael-accordion-list\">\n                <div id=\"5-qu-son-los-bbloquesb-en-los-servicios-de-zurco\" class=\"elementor-tab-title eael-accordion-header\" tabindex=\"0\" data-tab=\"5\" aria-controls=\"elementor-tab-content-1735\"><span class=\"eael-accordion-tab-title\">5. \u00bfQu\u00e9 son los <b>\"bloques\"<\/b> en los servicios de Zurco?<\/span><svg aria-hidden=\"true\" class=\"fa-toggle e-font-icon-svg e-fas-angle-right\" viewbox=\"0 0 256 512\" xmlns=\"http:\/\/www.w3.org\/2000\/svg\"><path d=\"M224.3 273l-136 136c-9.4 9.4-24.6 9.4-33.9 0l-22.6-22.6c-9.4-9.4-9.4-24.6 0-33.9l96.4-96.4-96.4-96.4c-9.4-9.4-9.4-24.6 0-33.9L54.3 103c9.4-9.4 24.6-9.4 33.9 0l136 136c9.5 9.4 9.5 24.6.1 34z\"><\/path><\/svg><\/div><div id=\"elementor-tab-content-1735\" class=\"eael-accordion-content clearfix\" data-tab=\"5\" aria-labelledby=\"5-qu-son-los-bbloquesb-en-los-servicios-de-zurco\"><p>Los <strong>\u00abbloques\u00bb<\/strong> son los diferentes servicios que ofrecemos. La combinaci\u00f3n de estos bloques permite construir y hacer crecer una estrategia digital a medida para su negocio.<\/p><\/div>\n                <\/div><div class=\"eael-accordion-list\">\n                <div id=\"6-zurco-ha-recibido-reconocimientos-por-sus-proyectos\" class=\"elementor-tab-title eael-accordion-header\" tabindex=\"0\" data-tab=\"6\" aria-controls=\"elementor-tab-content-1736\"><span class=\"eael-accordion-tab-title\">6. \u00bfZurco ha recibido reconocimientos por sus proyectos?<\/span><svg aria-hidden=\"true\" class=\"fa-toggle e-font-icon-svg e-fas-angle-right\" viewbox=\"0 0 256 512\" xmlns=\"http:\/\/www.w3.org\/2000\/svg\"><path d=\"M224.3 273l-136 136c-9.4 9.4-24.6 9.4-33.9 0l-22.6-22.6c-9.4-9.4-9.4-24.6 0-33.9l96.4-96.4-96.4-96.4c-9.4-9.4-9.4-24.6 0-33.9L54.3 103c9.4-9.4 24.6-9.4 33.9 0l136 136c9.5 9.4 9.5 24.6.1 34z\"><\/path><\/svg><\/div><div id=\"elementor-tab-content-1736\" class=\"eael-accordion-content clearfix\" data-tab=\"6\" aria-labelledby=\"6-zurco-ha-recibido-reconocimientos-por-sus-proyectos\"><p>S\u00ed, hemos sido reconocidos por <strong>RedHat<\/strong> por la <strong>mejor experiencia de usuario digital<\/strong> en 2021, por<strong> U-GOB<\/strong> por el <strong>mejor proyecto gubernamental<\/strong> en 2020, y hemos recibido una <strong>menci\u00f3n honor\u00edfica<\/strong> como propuesta de valor por <strong>PyME Digital.<\/strong><\/p><\/div>\n                <\/div><div class=\"eael-accordion-list\">\n                <div id=\"7-dnde-puedo-encontrar-casos-de-xito-de-zurco\" class=\"elementor-tab-title eael-accordion-header\" tabindex=\"0\" data-tab=\"7\" aria-controls=\"elementor-tab-content-1737\"><span class=\"eael-accordion-tab-title\">7. \u00bfD\u00f3nde puedo encontrar casos de \u00e9xito de Zurco?<\/span><svg aria-hidden=\"true\" class=\"fa-toggle e-font-icon-svg e-fas-angle-right\" viewbox=\"0 0 256 512\" xmlns=\"http:\/\/www.w3.org\/2000\/svg\"><path d=\"M224.3 273l-136 136c-9.4 9.4-24.6 9.4-33.9 0l-22.6-22.6c-9.4-9.4-9.4-24.6 0-33.9l96.4-96.4-96.4-96.4c-9.4-9.4-9.4-24.6 0-33.9L54.3 103c9.4-9.4 24.6-9.4 33.9 0l136 136c9.5 9.4 9.5 24.6.1 34z\"><\/path><\/svg><\/div><div id=\"elementor-tab-content-1737\" class=\"eael-accordion-content clearfix\" data-tab=\"7\" aria-labelledby=\"7-dnde-puedo-encontrar-casos-de-xito-de-zurco\"><p>En nuestro sitio web, en la secci\u00f3n de <a href=\"https:\/\/zurcodesignio.com\/en\/#success-stories\"><strong>\u00abCasos de \u00c9xito\u00bb<\/strong><\/a>, puede explorar proyectos destacados que hemos desarrollado para diversos clientes.<\/p><\/div>\n                <\/div><div class=\"eael-accordion-list\">\n                <div id=\"8-zurco-ofrece-servicios-de-migracin-a-la-nube-\" class=\"elementor-tab-title eael-accordion-header\" tabindex=\"0\" data-tab=\"8\" aria-controls=\"elementor-tab-content-1738\"><span class=\"eael-accordion-tab-title\">8. \u00bfZurco ofrece servicios de migraci\u00f3n a la nube? <\/span><svg aria-hidden=\"true\" class=\"fa-toggle e-font-icon-svg e-fas-angle-right\" viewbox=\"0 0 256 512\" xmlns=\"http:\/\/www.w3.org\/2000\/svg\"><path d=\"M224.3 273l-136 136c-9.4 9.4-24.6 9.4-33.9 0l-22.6-22.6c-9.4-9.4-9.4-24.6 0-33.9l96.4-96.4-96.4-96.4c-9.4-9.4-9.4-24.6 0-33.9L54.3 103c9.4-9.4 24.6-9.4 33.9 0l136 136c9.5 9.4 9.5 24.6.1 34z\"><\/path><\/svg><\/div><div id=\"elementor-tab-content-1738\" class=\"eael-accordion-content clearfix\" data-tab=\"8\" aria-labelledby=\"8-zurco-ofrece-servicios-de-migracin-a-la-nube-\"><p>S\u00ed, ofrecemos soluciones de migraci\u00f3n a la nube, incluyendo almacenamiento, planes de recuperaci\u00f3n ante desastres (DRP) y sistemas ERP en la nube.<\/p><\/div>\n                <\/div><div class=\"eael-accordion-list\">\n                <div id=\"9-qu-soluciones-de-ciberseguridad-proporciona-zurco-\" class=\"elementor-tab-title eael-accordion-header\" tabindex=\"0\" data-tab=\"9\" aria-controls=\"elementor-tab-content-1739\"><span class=\"eael-accordion-tab-title\">9. \u00bfQu\u00e9 soluciones de ciberseguridad proporciona Zurco? <\/span><svg aria-hidden=\"true\" class=\"fa-toggle e-font-icon-svg e-fas-angle-right\" viewbox=\"0 0 256 512\" xmlns=\"http:\/\/www.w3.org\/2000\/svg\"><path d=\"M224.3 273l-136 136c-9.4 9.4-24.6 9.4-33.9 0l-22.6-22.6c-9.4-9.4-9.4-24.6 0-33.9l96.4-96.4-96.4-96.4c-9.4-9.4-9.4-24.6 0-33.9L54.3 103c9.4-9.4 24.6-9.4 33.9 0l136 136c9.5 9.4 9.5 24.6.1 34z\"><\/path><\/svg><\/div><div id=\"elementor-tab-content-1739\" class=\"eael-accordion-content clearfix\" data-tab=\"9\" aria-labelledby=\"9-qu-soluciones-de-ciberseguridad-proporciona-zurco-\"><p>Transformamos los riesgos de seguridad en ventajas competitivas, protegiendo sus datos y a\u00f1adiendo valor a sus desarrollos.<\/p><\/div>\n                <\/div><div class=\"eael-accordion-list\">\n                <div id=\"10-zurco-ofrece-consultora-digital\" class=\"elementor-tab-title eael-accordion-header\" tabindex=\"0\" data-tab=\"10\" aria-controls=\"elementor-tab-content-17310\"><span class=\"eael-accordion-tab-title\">10. \u00bfZurco ofrece consultor\u00eda digital?<\/span><svg aria-hidden=\"true\" class=\"fa-toggle e-font-icon-svg e-fas-angle-right\" viewbox=\"0 0 256 512\" xmlns=\"http:\/\/www.w3.org\/2000\/svg\"><path d=\"M224.3 273l-136 136c-9.4 9.4-24.6 9.4-33.9 0l-22.6-22.6c-9.4-9.4-9.4-24.6 0-33.9l96.4-96.4-96.4-96.4c-9.4-9.4-9.4-24.6 0-33.9L54.3 103c9.4-9.4 24.6-9.4 33.9 0l136 136c9.5 9.4 9.5 24.6.1 34z\"><\/path><\/svg><\/div><div id=\"elementor-tab-content-17310\" class=\"eael-accordion-content clearfix\" data-tab=\"10\" aria-labelledby=\"10-zurco-ofrece-consultora-digital\"><p>S\u00ed, brindamos asesoramiento para identificar la mejor soluci\u00f3n tecnol\u00f3gica que cubra las necesidades espec\u00edficas de su organizaci\u00f3n.<\/p><\/div>\n                <\/div><\/div>\t\t\t\t<\/div>\n\t\t\t\t<\/div>\n\t\t\t\t\t<\/div>\n\t\t\t\t<\/div>\n\t\t\t\t<\/div>","protected":false},"excerpt":{"rendered":"<p>1. \u00bfQu\u00e9 servicios ofrece Zurco? Zurco proporciona una amplia gama de servicios, incluyendo desarrollo de aplicaciones m\u00f3viles, desarrollo de software personalizado, aplicaciones web progresivas, ciberseguridad, migraciones a la nube, consultor\u00eda digital, y soluciones de inteligencia artificial y modelos avanzados. 2. \u00bfC\u00f3mo puedo contactar a Zurco para discutir un proyecto? Puede comunicarse con nosotros a trav\u00e9s [&hellip;]<\/p>","protected":false},"author":1,"featured_media":0,"parent":0,"menu_order":0,"comment_status":"closed","ping_status":"closed","template":"","meta":{"footnotes":""},"class_list":["post-1257","page","type-page","status-publish","hentry"],"yoast_head":"<!-- This site is optimized with the Yoast SEO plugin v24.5 - https:\/\/yoast.com\/wordpress\/plugins\/seo\/ -->\n<title>Preguntas Frecuentes - Zurco<\/title>\n<meta name=\"robots\" content=\"index, follow, max-snippet:-1, max-image-preview:large, max-video-preview:-1\" \/>\n<link rel=\"canonical\" href=\"https:\/\/zurcodesignio.com\/en\/preguntas-frecuentes\/\" \/>\n<meta property=\"og:locale\" content=\"en_US\" \/>\n<meta property=\"og:type\" content=\"article\" \/>\n<meta property=\"og:title\" content=\"Preguntas Frecuentes - Zurco\" \/>\n<meta property=\"og:description\" content=\"1. \u00bfQu\u00e9 servicios ofrece Zurco? Zurco proporciona una amplia gama de servicios, incluyendo desarrollo de aplicaciones m\u00f3viles, desarrollo de software personalizado, aplicaciones web progresivas, ciberseguridad, migraciones a la nube, consultor\u00eda digital, y soluciones de inteligencia artificial y modelos avanzados. 2. \u00bfC\u00f3mo puedo contactar a Zurco para discutir un proyecto? Puede comunicarse con nosotros a trav\u00e9s [&hellip;]\" \/>\n<meta property=\"og:url\" content=\"https:\/\/zurcodesignio.com\/en\/preguntas-frecuentes\/\" \/>\n<meta property=\"og:site_name\" content=\"Zurco\" \/>\n<meta property=\"article:modified_time\" content=\"2024-11-06T15:54:03+00:00\" \/>\n<meta name=\"twitter:card\" content=\"summary_large_image\" \/>\n<meta name=\"twitter:label1\" content=\"Est. reading time\" \/>\n\t<meta name=\"twitter:data1\" content=\"2 minutes\" \/>\n<script type=\"application\/ld+json\" class=\"yoast-schema-graph\">{\"@context\":\"https:\/\/schema.org\",\"@graph\":[{\"@type\":\"WebPage\",\"@id\":\"https:\/\/zurcodesignio.com\/preguntas-frecuentes\/\",\"url\":\"https:\/\/zurcodesignio.com\/preguntas-frecuentes\/\",\"name\":\"Preguntas Frecuentes - Zurco\",\"isPartOf\":{\"@id\":\"https:\/\/zurcodesignio.com\/#website\"},\"datePublished\":\"2024-11-06T15:40:49+00:00\",\"dateModified\":\"2024-11-06T15:54:03+00:00\",\"breadcrumb\":{\"@id\":\"https:\/\/zurcodesignio.com\/preguntas-frecuentes\/#breadcrumb\"},\"inLanguage\":\"en-US\",\"potentialAction\":[{\"@type\":\"ReadAction\",\"target\":[\"https:\/\/zurcodesignio.com\/preguntas-frecuentes\/\"]}]},{\"@type\":\"BreadcrumbList\",\"@id\":\"https:\/\/zurcodesignio.com\/preguntas-frecuentes\/#breadcrumb\",\"itemListElement\":[{\"@type\":\"ListItem\",\"position\":1,\"name\":\"Portada\",\"item\":\"https:\/\/zurcodesignio.com\/\"},{\"@type\":\"ListItem\",\"position\":2,\"name\":\"Preguntas Frecuentes\"}]},{\"@type\":\"WebSite\",\"@id\":\"https:\/\/zurcodesignio.com\/#website\",\"url\":\"https:\/\/zurcodesignio.com\/\",\"name\":\"Zurco\",\"description\":\"Blog\",\"publisher\":{\"@id\":\"https:\/\/zurcodesignio.com\/#organization\"},\"potentialAction\":[{\"@type\":\"SearchAction\",\"target\":{\"@type\":\"EntryPoint\",\"urlTemplate\":\"https:\/\/zurcodesignio.com\/?s={search_term_string}\"},\"query-input\":{\"@type\":\"PropertyValueSpecification\",\"valueRequired\":true,\"valueName\":\"search_term_string\"}}],\"inLanguage\":\"en-US\"},{\"@type\":\"Organization\",\"@id\":\"https:\/\/zurcodesignio.com\/#organization\",\"name\":\"Zurco\",\"url\":\"https:\/\/zurcodesignio.com\/\",\"logo\":{\"@type\":\"ImageObject\",\"inLanguage\":\"en-US\",\"@id\":\"https:\/\/zurcodesignio.com\/#\/schema\/logo\/image\/\",\"url\":\"https:\/\/zurcodesignio.com\/wp-content\/uploads\/2024\/08\/logo-zurco-1-1.png\",\"contentUrl\":\"https:\/\/zurcodesignio.com\/wp-content\/uploads\/2024\/08\/logo-zurco-1-1.png\",\"width\":62,\"height\":64,\"caption\":\"Zurco\"},\"image\":{\"@id\":\"https:\/\/zurcodesignio.com\/#\/schema\/logo\/image\/\"}}]}<\/script>\n<!-- \/ Yoast SEO plugin. -->","yoast_head_json":{"title":"Preguntas Frecuentes - Zurco","robots":{"index":"index","follow":"follow","max-snippet":"max-snippet:-1","max-image-preview":"max-image-preview:large","max-video-preview":"max-video-preview:-1"},"canonical":"https:\/\/zurcodesignio.com\/en\/preguntas-frecuentes\/","og_locale":"en_US","og_type":"article","og_title":"Preguntas Frecuentes - Zurco","og_description":"1. \u00bfQu\u00e9 servicios ofrece Zurco? Zurco proporciona una amplia gama de servicios, incluyendo desarrollo de aplicaciones m\u00f3viles, desarrollo de software personalizado, aplicaciones web progresivas, ciberseguridad, migraciones a la nube, consultor\u00eda digital, y soluciones de inteligencia artificial y modelos avanzados. 2. \u00bfC\u00f3mo puedo contactar a Zurco para discutir un proyecto? Puede comunicarse con nosotros a trav\u00e9s [&hellip;]","og_url":"https:\/\/zurcodesignio.com\/en\/preguntas-frecuentes\/","og_site_name":"Zurco","article_modified_time":"2024-11-06T15:54:03+00:00","twitter_card":"summary_large_image","twitter_misc":{"Est. reading time":"2 minutes"},"schema":{"@context":"https:\/\/schema.org","@graph":[{"@type":"WebPage","@id":"https:\/\/zurcodesignio.com\/preguntas-frecuentes\/","url":"https:\/\/zurcodesignio.com\/preguntas-frecuentes\/","name":"Preguntas Frecuentes - Zurco","isPartOf":{"@id":"https:\/\/zurcodesignio.com\/#website"},"datePublished":"2024-11-06T15:40:49+00:00","dateModified":"2024-11-06T15:54:03+00:00","breadcrumb":{"@id":"https:\/\/zurcodesignio.com\/preguntas-frecuentes\/#breadcrumb"},"inLanguage":"en-US","potentialAction":[{"@type":"ReadAction","target":["https:\/\/zurcodesignio.com\/preguntas-frecuentes\/"]}]},{"@type":"BreadcrumbList","@id":"https:\/\/zurcodesignio.com\/preguntas-frecuentes\/#breadcrumb","itemListElement":[{"@type":"ListItem","position":1,"name":"Portada","item":"https:\/\/zurcodesignio.com\/"},{"@type":"ListItem","position":2,"name":"Preguntas Frecuentes"}]},{"@type":"WebSite","@id":"https:\/\/zurcodesignio.com\/#website","url":"https:\/\/zurcodesignio.com\/","name":"Zurco","description":"Blog","publisher":{"@id":"https:\/\/zurcodesignio.com\/#organization"},"potentialAction":[{"@type":"SearchAction","target":{"@type":"EntryPoint","urlTemplate":"https:\/\/zurcodesignio.com\/?s={search_term_string}"},"query-input":{"@type":"PropertyValueSpecification","valueRequired":true,"valueName":"search_term_string"}}],"inLanguage":"en-US"},{"@type":"Organization","@id":"https:\/\/zurcodesignio.com\/#organization","name":"Zurco","url":"https:\/\/zurcodesignio.com\/","logo":{"@type":"ImageObject","inLanguage":"en-US","@id":"https:\/\/zurcodesignio.com\/#\/schema\/logo\/image\/","url":"https:\/\/zurcodesignio.com\/wp-content\/uploads\/2024\/08\/logo-zurco-1-1.png","contentUrl":"https:\/\/zurcodesignio.com\/wp-content\/uploads\/2024\/08\/logo-zurco-1-1.png","width":62,"height":64,"caption":"Zurco"},"image":{"@id":"https:\/\/zurcodesignio.com\/#\/schema\/logo\/image\/"}}]}},"_links":{"self":[{"href":"https:\/\/zurcodesignio.com\/en\/wp-json\/wp\/v2\/pages\/1257","targetHints":{"allow":["GET"]}}],"collection":[{"href":"https:\/\/zurcodesignio.com\/en\/wp-json\/wp\/v2\/pages"}],"about":[{"href":"https:\/\/zurcodesignio.com\/en\/wp-json\/wp\/v2\/types\/page"}],"author":[{"embeddable":true,"href":"https:\/\/zurcodesignio.com\/en\/wp-json\/wp\/v2\/users\/1"}],"replies":[{"embeddable":true,"href":"https:\/\/zurcodesignio.com\/en\/wp-json\/wp\/v2\/comments?post=1257"}],"version-history":[{"count":5,"href":"https:\/\/zurcodesignio.com\/en\/wp-json\/wp\/v2\/pages\/1257\/revisions"}],"predecessor-version":[{"id":1262,"href":"https:\/\/zurcodesignio.com\/en\/wp-json\/wp\/v2\/pages\/1257\/revisions\/1262"}],"wp:attachment":[{"href":"https:\/\/zurcodesignio.com\/en\/wp-json\/wp\/v2\/media?parent=1257"}],"curies":[{"name":"wp","href":"https:\/\/api.w.org\/{rel}","templated":true}]}}