{"id":365,"date":"2024-10-22T15:46:11","date_gmt":"2024-10-22T15:46:11","guid":{"rendered":"https:\/\/zurcodesignio.com\/blog\/?page_id=365"},"modified":"2024-10-22T18:58:48","modified_gmt":"2024-10-22T18:58:48","slug":"aviso-de-privacidad","status":"publish","type":"page","link":"https:\/\/zurcodesignio.com\/en\/aviso-de-privacidad\/","title":{"rendered":"Privacy Notice"},"content":{"rendered":"<div data-elementor-type=\"wp-page\" data-elementor-id=\"365\" class=\"elementor elementor-365\" data-elementor-post-type=\"page\">\n\t\t\t\t<div class=\"elementor-element elementor-element-0008eb0 e-flex e-con-boxed e-con e-parent\" data-id=\"0008eb0\" data-element_type=\"container\">\n\t\t\t\t\t<div class=\"e-con-inner\">\n\t\t\t\t<div class=\"elementor-element elementor-element-25cc4a5 elementor-widget elementor-widget-heading\" data-id=\"25cc4a5\" data-element_type=\"widget\" data-widget_type=\"heading.default\">\n\t\t\t\t<div class=\"elementor-widget-container\">\n\t\t\t\t\t<h2 class=\"elementor-heading-title elementor-size-default\">Privacy Notice<\/h2>\t\t\t\t<\/div>\n\t\t\t\t<\/div>\n\t\t\t\t\t<\/div>\n\t\t\t\t<\/div>\n\t\t<div class=\"elementor-element elementor-element-17de27d7 e-flex e-con-boxed e-con e-parent\" data-id=\"17de27d7\" data-element_type=\"container\">\n\t\t\t\t\t<div class=\"e-con-inner\">\n\t\t\t\t<div class=\"elementor-element elementor-element-3735be12 elementor-widget elementor-widget-text-editor\" data-id=\"3735be12\" data-element_type=\"widget\" data-widget_type=\"text-editor.default\">\n\t\t\t\t<div class=\"elementor-widget-container\">\n\t\t\t\t\t\t\t\t\t<h2><strong>Aviso Legal<\/strong><\/h2><p>Este sitio web es operado por <strong>Zurco Designio, S.A. de C.V.<\/strong>, ubicada en Av. Benito Ju\u00e1rez No. 8, Huixquilucan de Degollado, 52760, Estado de M\u00e9xico, M\u00e9xico, dedicada al dise\u00f1o gr\u00e1fico y servicios creativos. Todo el contenido presente en este sitio es propiedad de <strong>Zurco Designio<\/strong>. Cualquier reproducci\u00f3n, distribuci\u00f3n o uso no autorizado del contenido est\u00e1 estrictamente prohibido.<strong> Zurco Designio<\/strong> no se hace responsable por el uso indebido de la informaci\u00f3n proporcionada en este sitio.<\/p><h2><strong>Pol\u00edtica de Privacidad<\/strong><\/h2><p>En Zurco Designio, valoramos y respetamos la privacidad de nuestros usuarios. La informaci\u00f3n recopilada a trav\u00e9s de formularios de contacto (nombre, correo electr\u00f3nico, tel\u00e9fono) ser\u00e1 utilizada \u00fanicamente con fines de comunicaci\u00f3n comercial y no ser\u00e1 compartida con terceros sin su consentimiento expreso. Los datos personales estar\u00e1n protegidos de acuerdo con las leyes aplicables en materia de protecci\u00f3n de datos personales.<\/p><h2><strong>Pol\u00edtica de Cookies<\/strong><\/h2><p>Este sitio utiliza cookies para mejorar la experiencia del usuario, incluyendo la personalizaci\u00f3n de contenido y la recopilaci\u00f3n de datos de navegaci\u00f3n an\u00f3nimos. Los usuarios tienen la opci\u00f3n de deshabilitar las cookies desde la configuraci\u00f3n de su navegador en cualquier momento. Al continuar navegando en nuestro sitio, consideramos que usted acepta nuestra pol\u00edtica de cookies.<\/p><h2><strong>Privacy Notice<\/strong><\/h2><p>En cumplimiento con la Ley Federal de Protecci\u00f3n de Datos Personales en Posesi\u00f3n de los Particulares, Zurco Designio, S.A. de C.V., con domicilio en Av. Benito Ju\u00e1rez No. 8, Huixquilucan de Degollado, 52760, Estado de M\u00e9xico, M\u00e9xico, se compromete a proteger la privacidad y garantizar el manejo adecuado de sus datos personales. Este aviso de privacidad aplica a todos los usuarios del sitio web de Zurco Designio.<\/p><ol><li><strong>Datos personales que se recaban:<\/strong> Los datos que recabamos incluyen nombre completo, correo electr\u00f3nico, n\u00famero telef\u00f3nico, entre otros necesarios para los fines establecidos.<\/li><li><strong>Finalidades del tratamiento de los datos:<\/strong> Los datos personales ser\u00e1n utilizados para proporcionar informaci\u00f3n sobre nuestros servicios, gestionar solicitudes comerciales y contractuales, y cumplir con nuestras obligaciones legales y contractuales.<\/li><li><strong>Transferencia de datos personales:<\/strong> Los datos personales no ser\u00e1n compartidos con terceros, salvo cuando sea necesario para cumplir con obligaciones legales o contractuales, o en los casos permitidos por la ley.<\/li><li><strong>Derechos ARCO (Acceso, Rectificaci\u00f3n, Cancelaci\u00f3n y Oposici\u00f3n):<\/strong> Como titular de sus datos personales, tiene derecho a ejercer en cualquier momento los derechos ARCO enviando una solicitud al correo electr\u00f3nico: <strong>info@zurcodesignio.com.<\/strong> La solicitud debe incluir su nombre completo y una descripci\u00f3n clara de los derechos que desea ejercer.<\/li><li><strong>Medidas de seguridad:<\/strong> Hemos implementado medidas de seguridad f\u00edsicas, administrativas y t\u00e9cnicas necesarias para proteger sus datos personales contra accesos no autorizados o divulgaciones indebidas.<\/li><li><strong>Modificaciones al Aviso de Privacidad:<\/strong> Este aviso de privacidad puede ser modificado en cualquier momento, y cualquier cambio ser\u00e1 publicado en nuestro sitio web <a href=\"https:\/\/zurcodesignio.com\/en\/\">https:\/\/zurcodesignio.com\/<\/a>.<\/li><\/ol><p>Fecha de \u00faltima actualizaci\u00f3n: 22 de Octubre de 2024<\/p><p><strong>Contacto:<\/strong> Para cualquier duda o comentario sobre estas pol\u00edticas, por favor comun\u00edquese al n\u00famero telef\u00f3nico <b><a href=\"http:\/\/tel:5619984300\">5619984300<\/a><\/b>.<\/p>\t\t\t\t\t\t\t\t<\/div>\n\t\t\t\t<\/div>\n\t\t\t\t\t<\/div>\n\t\t\t\t<\/div>\n\t\t<div class=\"elementor-element elementor-element-76a95e9 e-flex e-con-boxed e-con e-parent\" data-id=\"76a95e9\" data-element_type=\"container\">\n\t\t\t\t\t<div class=\"e-con-inner\">\n\t\t\t\t<div class=\"elementor-element elementor-element-91ad6a7 elementor-widget elementor-widget-spacer\" data-id=\"91ad6a7\" data-element_type=\"widget\" data-widget_type=\"spacer.default\">\n\t\t\t\t<div class=\"elementor-widget-container\">\n\t\t\t\t\t\t\t<div class=\"elementor-spacer\">\n\t\t\t<div class=\"elementor-spacer-inner\"><\/div>\n\t\t<\/div>\n\t\t\t\t\t\t<\/div>\n\t\t\t\t<\/div>\n\t\t\t\t\t<\/div>\n\t\t\t\t<\/div>\n\t\t\t\t<\/div>","protected":false},"excerpt":{"rendered":"<p>Aviso Legal Este sitio web es operado por Zurco Designio, S.A. de C.V., ubicada en Av. Benito Ju\u00e1rez No. 8, Huixquilucan de Degollado, 52760, Estado de M\u00e9xico, M\u00e9xico, dedicada al dise\u00f1o gr\u00e1fico y servicios creativos. Todo el contenido presente en este sitio es propiedad de Zurco Designio. Cualquier reproducci\u00f3n, distribuci\u00f3n o uso no autorizado del [&hellip;]<\/p>","protected":false},"author":1,"featured_media":0,"parent":0,"menu_order":0,"comment_status":"closed","ping_status":"closed","template":"","meta":{"footnotes":""},"class_list":["post-365","page","type-page","status-publish","hentry"],"yoast_head":"<!-- This site is optimized with the Yoast SEO plugin v24.5 - https:\/\/yoast.com\/wordpress\/plugins\/seo\/ -->\n<title>Aviso de Privacidad - Zurco<\/title>\n<meta name=\"robots\" content=\"index, follow, max-snippet:-1, max-image-preview:large, max-video-preview:-1\" \/>\n<link rel=\"canonical\" href=\"https:\/\/zurcodesignio.com\/en\/aviso-de-privacidad\/\" \/>\n<meta property=\"og:locale\" content=\"en_US\" \/>\n<meta property=\"og:type\" content=\"article\" \/>\n<meta property=\"og:title\" content=\"Aviso de Privacidad - Zurco\" \/>\n<meta property=\"og:description\" content=\"Aviso Legal Este sitio web es operado por Zurco Designio, S.A. de C.V., ubicada en Av. Benito Ju\u00e1rez No. 8, Huixquilucan de Degollado, 52760, Estado de M\u00e9xico, M\u00e9xico, dedicada al dise\u00f1o gr\u00e1fico y servicios creativos. Todo el contenido presente en este sitio es propiedad de Zurco Designio. Cualquier reproducci\u00f3n, distribuci\u00f3n o uso no autorizado del [&hellip;]\" \/>\n<meta property=\"og:url\" content=\"https:\/\/zurcodesignio.com\/en\/aviso-de-privacidad\/\" \/>\n<meta property=\"og:site_name\" content=\"Zurco\" \/>\n<meta property=\"article:modified_time\" content=\"2024-10-22T18:58:48+00:00\" \/>\n<meta name=\"twitter:card\" content=\"summary_large_image\" \/>\n<meta name=\"twitter:label1\" content=\"Est. reading time\" \/>\n\t<meta name=\"twitter:data1\" content=\"3 minutes\" \/>\n<script type=\"application\/ld+json\" class=\"yoast-schema-graph\">{\"@context\":\"https:\/\/schema.org\",\"@graph\":[{\"@type\":\"WebPage\",\"@id\":\"https:\/\/zurcodesignio.com\/aviso-de-privacidad\/\",\"url\":\"https:\/\/zurcodesignio.com\/aviso-de-privacidad\/\",\"name\":\"Aviso de Privacidad - Zurco\",\"isPartOf\":{\"@id\":\"https:\/\/zurcodesignio.com\/#website\"},\"datePublished\":\"2024-10-22T15:46:11+00:00\",\"dateModified\":\"2024-10-22T18:58:48+00:00\",\"breadcrumb\":{\"@id\":\"https:\/\/zurcodesignio.com\/aviso-de-privacidad\/#breadcrumb\"},\"inLanguage\":\"en-US\",\"potentialAction\":[{\"@type\":\"ReadAction\",\"target\":[\"https:\/\/zurcodesignio.com\/aviso-de-privacidad\/\"]}]},{\"@type\":\"BreadcrumbList\",\"@id\":\"https:\/\/zurcodesignio.com\/aviso-de-privacidad\/#breadcrumb\",\"itemListElement\":[{\"@type\":\"ListItem\",\"position\":1,\"name\":\"Portada\",\"item\":\"https:\/\/zurcodesignio.com\/\"},{\"@type\":\"ListItem\",\"position\":2,\"name\":\"Aviso de Privacidad\"}]},{\"@type\":\"WebSite\",\"@id\":\"https:\/\/zurcodesignio.com\/#website\",\"url\":\"https:\/\/zurcodesignio.com\/\",\"name\":\"Zurco\",\"description\":\"Blog\",\"publisher\":{\"@id\":\"https:\/\/zurcodesignio.com\/#organization\"},\"potentialAction\":[{\"@type\":\"SearchAction\",\"target\":{\"@type\":\"EntryPoint\",\"urlTemplate\":\"https:\/\/zurcodesignio.com\/?s={search_term_string}\"},\"query-input\":{\"@type\":\"PropertyValueSpecification\",\"valueRequired\":true,\"valueName\":\"search_term_string\"}}],\"inLanguage\":\"en-US\"},{\"@type\":\"Organization\",\"@id\":\"https:\/\/zurcodesignio.com\/#organization\",\"name\":\"Zurco\",\"url\":\"https:\/\/zurcodesignio.com\/\",\"logo\":{\"@type\":\"ImageObject\",\"inLanguage\":\"en-US\",\"@id\":\"https:\/\/zurcodesignio.com\/#\/schema\/logo\/image\/\",\"url\":\"https:\/\/zurcodesignio.com\/wp-content\/uploads\/2024\/08\/logo-zurco-1-1.png\",\"contentUrl\":\"https:\/\/zurcodesignio.com\/wp-content\/uploads\/2024\/08\/logo-zurco-1-1.png\",\"width\":62,\"height\":64,\"caption\":\"Zurco\"},\"image\":{\"@id\":\"https:\/\/zurcodesignio.com\/#\/schema\/logo\/image\/\"}}]}<\/script>\n<!-- \/ Yoast SEO plugin. -->","yoast_head_json":{"title":"Aviso de Privacidad - Zurco","robots":{"index":"index","follow":"follow","max-snippet":"max-snippet:-1","max-image-preview":"max-image-preview:large","max-video-preview":"max-video-preview:-1"},"canonical":"https:\/\/zurcodesignio.com\/en\/aviso-de-privacidad\/","og_locale":"en_US","og_type":"article","og_title":"Aviso de Privacidad - Zurco","og_description":"Aviso Legal Este sitio web es operado por Zurco Designio, S.A. de C.V., ubicada en Av. Benito Ju\u00e1rez No. 8, Huixquilucan de Degollado, 52760, Estado de M\u00e9xico, M\u00e9xico, dedicada al dise\u00f1o gr\u00e1fico y servicios creativos. Todo el contenido presente en este sitio es propiedad de Zurco Designio. Cualquier reproducci\u00f3n, distribuci\u00f3n o uso no autorizado del [&hellip;]","og_url":"https:\/\/zurcodesignio.com\/en\/aviso-de-privacidad\/","og_site_name":"Zurco","article_modified_time":"2024-10-22T18:58:48+00:00","twitter_card":"summary_large_image","twitter_misc":{"Est. reading time":"3 minutes"},"schema":{"@context":"https:\/\/schema.org","@graph":[{"@type":"WebPage","@id":"https:\/\/zurcodesignio.com\/aviso-de-privacidad\/","url":"https:\/\/zurcodesignio.com\/aviso-de-privacidad\/","name":"Aviso de Privacidad - Zurco","isPartOf":{"@id":"https:\/\/zurcodesignio.com\/#website"},"datePublished":"2024-10-22T15:46:11+00:00","dateModified":"2024-10-22T18:58:48+00:00","breadcrumb":{"@id":"https:\/\/zurcodesignio.com\/aviso-de-privacidad\/#breadcrumb"},"inLanguage":"en-US","potentialAction":[{"@type":"ReadAction","target":["https:\/\/zurcodesignio.com\/aviso-de-privacidad\/"]}]},{"@type":"BreadcrumbList","@id":"https:\/\/zurcodesignio.com\/aviso-de-privacidad\/#breadcrumb","itemListElement":[{"@type":"ListItem","position":1,"name":"Portada","item":"https:\/\/zurcodesignio.com\/"},{"@type":"ListItem","position":2,"name":"Aviso de Privacidad"}]},{"@type":"WebSite","@id":"https:\/\/zurcodesignio.com\/#website","url":"https:\/\/zurcodesignio.com\/","name":"Zurco","description":"Blog","publisher":{"@id":"https:\/\/zurcodesignio.com\/#organization"},"potentialAction":[{"@type":"SearchAction","target":{"@type":"EntryPoint","urlTemplate":"https:\/\/zurcodesignio.com\/?s={search_term_string}"},"query-input":{"@type":"PropertyValueSpecification","valueRequired":true,"valueName":"search_term_string"}}],"inLanguage":"en-US"},{"@type":"Organization","@id":"https:\/\/zurcodesignio.com\/#organization","name":"Zurco","url":"https:\/\/zurcodesignio.com\/","logo":{"@type":"ImageObject","inLanguage":"en-US","@id":"https:\/\/zurcodesignio.com\/#\/schema\/logo\/image\/","url":"https:\/\/zurcodesignio.com\/wp-content\/uploads\/2024\/08\/logo-zurco-1-1.png","contentUrl":"https:\/\/zurcodesignio.com\/wp-content\/uploads\/2024\/08\/logo-zurco-1-1.png","width":62,"height":64,"caption":"Zurco"},"image":{"@id":"https:\/\/zurcodesignio.com\/#\/schema\/logo\/image\/"}}]}},"_links":{"self":[{"href":"https:\/\/zurcodesignio.com\/en\/wp-json\/wp\/v2\/pages\/365","targetHints":{"allow":["GET"]}}],"collection":[{"href":"https:\/\/zurcodesignio.com\/en\/wp-json\/wp\/v2\/pages"}],"about":[{"href":"https:\/\/zurcodesignio.com\/en\/wp-json\/wp\/v2\/types\/page"}],"author":[{"embeddable":true,"href":"https:\/\/zurcodesignio.com\/en\/wp-json\/wp\/v2\/users\/1"}],"replies":[{"embeddable":true,"href":"https:\/\/zurcodesignio.com\/en\/wp-json\/wp\/v2\/comments?post=365"}],"version-history":[{"count":8,"href":"https:\/\/zurcodesignio.com\/en\/wp-json\/wp\/v2\/pages\/365\/revisions"}],"predecessor-version":[{"id":373,"href":"https:\/\/zurcodesignio.com\/en\/wp-json\/wp\/v2\/pages\/365\/revisions\/373"}],"wp:attachment":[{"href":"https:\/\/zurcodesignio.com\/en\/wp-json\/wp\/v2\/media?parent=365"}],"curies":[{"name":"wp","href":"https:\/\/api.w.org\/{rel}","templated":true}]}}